{"id":3,"date":"-0001-11-30T00:00:00","date_gmt":"-0001-11-29T23:50:39","guid":{"rendered":"http:\/\/www.laforgebertrand.fr\/blog\/?page_id=3"},"modified":"-0001-11-30T00:00:00","modified_gmt":"-0001-11-29T22:00:00","slug":"politique-de-confidentialite","status":"publish","type":"page","link":"https:\/\/www.laforgebertrand.fr\/blog\/politique-de-confidentialite\/","title":{"rendered":"Mentions l\u00e9gales"},"content":{"rendered":"\n<p><strong>Informations \u00e9diteur :<\/strong><\/p>\n\n\n\n<p>La Forge Bertrand France<br>All\u00e9 Charles Nungesser <br>Parc d&rsquo;activit\u00e9 de la Siagne <br>06210 Mandelieu la Napoule<\/p>\n\n\n\n<p>Tel : 09 61 66 36 09<br>Fax : 09 72 57 57 47SARL au capital de 100 000 Euros<br>Code APE : 2511Z<br>Code NAF : 281C <br>SIRET : 339 583 684 000 24<br>N\u00b0 TVA : FR 28 339583684<\/p>\n\n\n\n<p><strong>Informations H\u00e9bergeur :<\/strong><\/p>\n\n\n\n<p>OVHSAS\n au capital de 500 k\u20ac RCS Roubaix &#8211; Tourcoing 424 761 419 00011 &#8211; Code \nAPE : 721Z &#8211; N\u00b0 TVA : FR 22-424-761-419-00011- Si\u00e8ge social :&nbsp; 140 Quai \ndu Sartel &#8211; 59100 Roubaix &#8211; France<\/p>\n\n\n\n<p><strong>Informatiques et libert\u00e9 :<\/strong><\/p>\n\n\n\n<p>Le\n Site www.laforgebertrand.fr est d\u00e9clar\u00e9 sous le num\u00e9ro 1318167 aupr\u00e8s \nde la Commission Nationale Informatique et Libert\u00e9s (CNIL) en \napplication de la loi n\u00b078-17 du 6 janvier 1978 relative \u00e0 \nl&rsquo;informatique, aux fichiers et aux libert\u00e9s et modifi\u00e9e par la loi du 6\n ao\u00fbt 2004. Chaque internaute ayant d\u00e9pos\u00e9 des informations nominatives \nle concernant sur le Site dispose des droits d&rsquo;opposition (article 38 de\n la loi), d&rsquo;acc\u00e8s (articles 39, 41 et 42 de la loi) et de rectification \n(article 40 de la loi) de ces donn\u00e9es. Ainsi, il peut exiger que soient \nrectifi\u00e9es, compl\u00e9t\u00e9es, clarifi\u00e9es, mises \u00e0 jour ou effac\u00e9es les \ninformations le concernant qui sont inexactes, incompl\u00e8tes, \u00e9quivoques, \np\u00e9rim\u00e9es, ou dont la collecte ou l&rsquo;utilisation, la communication ou la \nconservation est interdite. Chaque internaute peut exercer ces droits en\n \u00e9crivant via \u00e0 la page <a href=\"https:\/\/www.laforgebertrand.fr\/nous-contacter\">Nous contacter<\/a><\/p>\n\n\n\n<p><strong>Caract\u00e8res des informations personnelles collect\u00e9es :<\/strong><\/p>\n\n\n\n<p>La\n loi 78-87 du 6 janvier 1978, la loi 2004-801 du 6 ao\u00fbt 2004 ainsi que \nl&rsquo;article L-226-13 du code p\u00e9nal et la directive Europ\u00e9enne du 24 \nOctobre 1995 prot\u00e8gent l&rsquo;ensemble des donn\u00e9es personnelles. <br>Dans le \ncadre de l\u2019inscription \u00e0 certaines rubriques du site et de la vente en \nligne, les donn\u00e9es personnelles suivantes sont enregistr\u00e9es : Nom, \nPr\u00e9nom, Adresse \u00e9lectronique, Adresse de facturation, Adresse de \nlivraison, Num\u00e9ro de t\u00e9l\u00e9phone, Nom Entreprise, Num\u00e9ro de TVA, \nHistorique des commandes. <br>Les informations \u00e0 caract\u00e8re bancaire sont\n trait\u00e9es par le service de paiement en ligne de la banque. \n\u00c9tablissement Bertrand n\u2019en a donc pas connaissance et ne conserve \naucune information \u00e0 ce titre dans ses bases de donn\u00e9es. <br>L\u2019utilisateur\n a la possibilit\u00e9 de modifier ces informations ou de supprimer son \ncompte personnel depuis la rubrique \u00ab Mon Compte \u00bb de l\u2019espace personnel\n ou contacter le responsable de la publication via \u00e0 la page <a href=\"https:\/\/www.laforgebertrand.fr\/nous-contacter\">Nous contacter<\/a><\/p>\n\n\n\n<p><strong>Utilisation des Cookies (traceurs) :<\/strong><\/p>\n\n\n\n<p>Le\n site que vous visitez utilise des traceurs (cookies). Ainsi, le site \nest susceptible d&rsquo;acc\u00e9der \u00e0 des informations d\u00e9j\u00e0 stock\u00e9es dans votre \n\u00e9quipement terminal de communications \u00e9lectroniques et d&rsquo;y inscrire des \ninformations.<br>Le site utilise exclusivement des traceurs dits \u00ab\u00a0strictement n\u00e9cessaires\u00a0\u00bb, qui ne n\u00e9cessitent pas votre consentement pr\u00e9alable.<br>Ces\n traceurs ne peuvent pas, techniquement, \u00eatre d\u00e9sactiv\u00e9s depuis le site.\n Vous pouvez n\u00e9anmoins vous opposer \u00e0 l&rsquo;utilisation de ces traceurs, \nexclusivement en param\u00e9trant votre navigateur. Ce param\u00e9trage d\u00e9pend du \nnavigateur que vous utilisez, mais il est en g\u00e9n\u00e9ral simple \u00e0 r\u00e9aliser :\n en principe, vous pouvez soit activer une fonction de navigation priv\u00e9e\n soit uniquement interdire ou restreindre les traceurs (cookies). <br>Attention,\n il se peut que des traceurs aient \u00e9t\u00e9 enregistr\u00e9s sur votre \np\u00e9riph\u00e9rique avant le param\u00e9trage de votre navigateur : dans ce cas, \neffacez votre historique de navigation, toujours en utilisant le \nparam\u00e9trage de votre navigateur.<br>L&rsquo;utilisation des traceurs est r\u00e9gie\n par l&rsquo;article 32 II de la loi n\u00b0 78-17 du 6 janvier 1978, transposant \nl&rsquo;article 5.3 de la directive 2002\/58\/CE du parlement europ\u00e9en et du \nconseil du 12 juillet 2002 modifi\u00e9e par la directive 2009\/136\/CE.<br>Pour en savoir plus sur les cookies et traceurs, nous vous invitons \u00e0 consulter le site de la CNIL : www.cnil.fr.\n    \n\n    \n      \n    \n\n    \n      \n    \n\n  \n\n<\/p>\n","protected":false},"excerpt":{"rendered":"","protected":false},"author":1,"featured_media":0,"parent":0,"menu_order":0,"comment_status":"closed","ping_status":"open","template":"","meta":[],"_links":{"self":[{"href":"https:\/\/www.laforgebertrand.fr\/blog\/wp-json\/wp\/v2\/pages\/3"}],"collection":[{"href":"https:\/\/www.laforgebertrand.fr\/blog\/wp-json\/wp\/v2\/pages"}],"about":[{"href":"https:\/\/www.laforgebertrand.fr\/blog\/wp-json\/wp\/v2\/types\/page"}],"author":[{"embeddable":true,"href":"https:\/\/www.laforgebertrand.fr\/blog\/wp-json\/wp\/v2\/users\/1"}],"replies":[{"embeddable":true,"href":"https:\/\/www.laforgebertrand.fr\/blog\/wp-json\/wp\/v2\/comments?post=3"}],"version-history":[{"count":4,"href":"https:\/\/www.laforgebertrand.fr\/blog\/wp-json\/wp\/v2\/pages\/3\/revisions"}],"predecessor-version":[{"id":271,"href":"https:\/\/www.laforgebertrand.fr\/blog\/wp-json\/wp\/v2\/pages\/3\/revisions\/271"}],"wp:attachment":[{"href":"https:\/\/www.laforgebertrand.fr\/blog\/wp-json\/wp\/v2\/media?parent=3"}],"curies":[{"name":"wp","href":"https:\/\/api.w.org\/{rel}","templated":true}]}}